{"id":5554,"date":"2019-12-18T17:25:38","date_gmt":"2019-12-18T16:25:38","guid":{"rendered":"https:\/\/aletheiaforchildren.com\/?page_id=5554"},"modified":"2020-01-08T15:36:13","modified_gmt":"2020-01-08T14:36:13","slug":"proiectele-noastre","status":"publish","type":"page","link":"https:\/\/aletheiaforchildren.com\/ro\/proiectele-noastre\/","title":{"rendered":"Proiectele noastre"},"content":{"rendered":"\t\t<div data-elementor-type=\"wp-page\" data-elementor-id=\"5554\" class=\"elementor elementor-5554 elementor-5489\">\n\t\t\t\t\t\t<div class=\"elementor-inner\">\n\t\t\t\t<div class=\"elementor-section-wrap\">\n\t\t\t\t\t\t\t\t\t<section class=\"elementor-section elementor-top-section elementor-element elementor-element-fc67137 elementor-section-boxed elementor-section-height-default elementor-section-height-default\" data-id=\"fc67137\" data-element_type=\"section\">\n\t\t\t\t\t\t<div class=\"elementor-container elementor-column-gap-default\">\n\t\t\t\t\t\t\t<div class=\"elementor-row\">\n\t\t\t\t\t<div class=\"elementor-column elementor-col-100 elementor-top-column elementor-element elementor-element-7cc631a8\" data-id=\"7cc631a8\" data-element_type=\"column\">\n\t\t\t<div class=\"elementor-column-wrap elementor-element-populated\">\n\t\t\t\t\t\t\t<div class=\"elementor-widget-wrap\">\n\t\t\t\t\t\t<div class=\"elementor-element elementor-element-30f5cc2c elementor-widget elementor-widget-heading\" data-id=\"30f5cc2c\" data-element_type=\"widget\" data-widget_type=\"heading.default\">\n\t\t\t\t<div class=\"elementor-widget-container\">\n\t\t\t<h2 class=\"elementor-heading-title elementor-size-default\">Proiectele noastre<\/h2>\t\t<\/div>\n\t\t\t\t<\/div>\n\t\t\t\t\t\t<\/div>\n\t\t\t\t\t<\/div>\n\t\t<\/div>\n\t\t\t\t\t\t\t\t<\/div>\n\t\t\t\t\t<\/div>\n\t\t<\/section>\n\t\t\t\t<section class=\"elementor-section elementor-top-section elementor-element elementor-element-4b8e23b8 elementor-section-stretched elementor-section-boxed elementor-section-height-default elementor-section-height-default\" data-id=\"4b8e23b8\" data-element_type=\"section\" data-settings=\"{&quot;background_background&quot;:&quot;classic&quot;,&quot;stretch_section&quot;:&quot;section-stretched&quot;}\">\n\t\t\t\t\t\t<div class=\"elementor-container elementor-column-gap-default\">\n\t\t\t\t\t\t\t<div class=\"elementor-row\">\n\t\t\t\t\t<div class=\"elementor-column elementor-col-50 elementor-top-column elementor-element elementor-element-2cd1d291\" data-id=\"2cd1d291\" data-element_type=\"column\">\n\t\t\t<div class=\"elementor-column-wrap elementor-element-populated\">\n\t\t\t\t\t\t\t<div class=\"elementor-widget-wrap\">\n\t\t\t\t\t\t<div class=\"elementor-element elementor-element-395aa1f2 elementor-widget elementor-widget-image\" data-id=\"395aa1f2\" data-element_type=\"widget\" data-widget_type=\"image.default\">\n\t\t\t\t<div class=\"elementor-widget-container\">\n\t\t\t\t\t\t\t\t<div class=\"elementor-image\">\n\t\t\t\t\t\t\t\t\t\t\t\t<img loading=\"lazy\" decoding=\"async\" width=\"710\" height=\"551\" src=\"https:\/\/aletheiaforchildren.com\/wp-content\/uploads\/2019\/12\/progetti-768x596.jpg\" class=\"attachment-medium_large size-medium_large\" alt=\"\" srcset=\"https:\/\/aletheiaforchildren.com\/wp-content\/uploads\/2019\/12\/progetti-768x596.jpg 768w, https:\/\/aletheiaforchildren.com\/wp-content\/uploads\/2019\/12\/progetti-300x233.jpg 300w, https:\/\/aletheiaforchildren.com\/wp-content\/uploads\/2019\/12\/progetti-700x543.jpg 700w, https:\/\/aletheiaforchildren.com\/wp-content\/uploads\/2019\/12\/progetti.jpg 800w\" sizes=\"auto, (max-width: 710px) 100vw, 710px\" \/>\t\t\t\t\t\t\t\t\t\t\t\t\t\t<\/div>\n\t\t\t\t\t\t<\/div>\n\t\t\t\t<\/div>\n\t\t\t\t\t\t<\/div>\n\t\t\t\t\t<\/div>\n\t\t<\/div>\n\t\t\t\t<div class=\"elementor-column elementor-col-50 elementor-top-column elementor-element elementor-element-75d32677\" data-id=\"75d32677\" data-element_type=\"column\">\n\t\t\t<div class=\"elementor-column-wrap elementor-element-populated\">\n\t\t\t\t\t\t\t<div class=\"elementor-widget-wrap\">\n\t\t\t\t\t\t<div class=\"elementor-element elementor-element-61b9f0c2 elementor-widget elementor-widget-text-editor\" data-id=\"61b9f0c2\" data-element_type=\"widget\" data-widget_type=\"text-editor.default\">\n\t\t\t\t<div class=\"elementor-widget-container\">\n\t\t\t\t\t\t\t\t<div class=\"elementor-text-editor elementor-clearfix\">\n\t\t\t\t<p>Proiectul <strong>&#8220;Bon\u0103 \u00een spital\u201d <\/strong>ofer\u0103 p\u0103rin\u021bilor cu copii spitaliza\u021bi pe termen lung posibilitatea de a fi \u00eenlocui\u021bi pentru un anumit num\u0103r de ore pe zi, pentru a permite acestora s\u0103 se \u00eentoarc\u0103 \u00een familie pentru a avea grij\u0103 de ceilal\u021bi copii.<\/p><p>Proiectul <strong>\u201cFir de M\u0103tase&#8221;<\/strong> este un proiect personalizat care implic\u0103 spitale din cele 3 \u021b\u0103ri unde asocia\u021bia Aletheia este prezent\u0103: Elve\u021bia, Italia, Rom\u00e2nia, centrele de studiu \u0219i cercetare.<\/p><p><strong>\u201cDesene pe asfalt&#8221;<\/strong> este un proiect interna\u021bional de sensibilizare a marelui \u0219i micului public cu privire la dificult\u0103\u021bile zilnice cu care se confrunt\u0103 familiile cu un membru grav bolnav. Acest proiect inten\u021bioneaz\u0103 s\u0103 creeze un fir comun \u00eentre spitale, familii \u0219i comunit\u0103\u021bi \u0219i s\u0103 ofere copiilor oncologici \u0219i cu afec\u021biuni cardiologice posibilitatea de a desena \u00een natur\u0103 \u00eempreun\u0103 cu al\u021bi copii.<\/p><p><strong>&#8220;O zi \u00een natur\u0103&#8221;<\/strong> este un proiect lunar care implic\u0103 10 copii \u0219i 10 p\u0103rin\u021bi \u00eempreun\u0103 cu personalul medico sanitar, \u00eentr-o aventur\u0103 frumoas\u0103 \u00een natur\u0103. Dorim s\u0103 oferim familiilor posibilitatea de a-\u0219i petrece o zi \u00een afara spitalului cum ar fi vizit\u0103 la o ferm\u0103, o zi la plaj\u0103 sau la munte.<\/p>\t\t\t\t\t<\/div>\n\t\t\t\t\t\t<\/div>\n\t\t\t\t<\/div>\n\t\t\t\t<div class=\"elementor-element elementor-element-70b3b7e elementor-widget elementor-widget-heading\" data-id=\"70b3b7e\" data-element_type=\"widget\" data-widget_type=\"heading.default\">\n\t\t\t\t<div class=\"elementor-widget-container\">\n\t\t\t<h3 class=\"elementor-heading-title elementor-size-default\">Asociatie Aletheia<\/h3>\t\t<\/div>\n\t\t\t\t<\/div>\n\t\t\t\t\t\t<\/div>\n\t\t\t\t\t<\/div>\n\t\t<\/div>\n\t\t\t\t\t\t\t\t<\/div>\n\t\t\t\t\t<\/div>\n\t\t<\/section>\n\t\t\t\t\t\t\t\t\t<\/div>\n\t\t\t<\/div>\n\t\t\t\t\t<\/div>\n\t\t","protected":false},"excerpt":{"rendered":"<p>Proiectele noastre Proiectul &#8220;Bon\u0103 \u00een spital\u201d ofer\u0103 p\u0103rin\u021bilor cu copii spitaliza\u021bi pe termen lung posibilitatea de a fi \u00eenlocui\u021bi pentru un anumit num\u0103r de ore pe zi, pentru a permite acestora s\u0103 se \u00eentoarc\u0103 \u00een familie pentru a avea grij\u0103 de ceilal\u021bi copii. Proiectul \u201cFir de M\u0103tase&#8221; este un proiect personalizat care implic\u0103 spitale din &hellip;<\/p>\n","protected":false},"author":1,"featured_media":0,"parent":0,"menu_order":0,"comment_status":"closed","ping_status":"closed","template":"","meta":{"footnotes":""},"class_list":["post-5554","page","type-page","status-publish","hentry","no-thumb"],"yoast_head":"<!-- This site is optimized with the Yoast SEO plugin v17.5 - https:\/\/yoast.com\/wordpress\/plugins\/seo\/ -->\n<title>Proiectele noastre - Associazione Aletheia for Children<\/title>\n<meta name=\"robots\" content=\"index, follow, max-snippet:-1, max-image-preview:large, max-video-preview:-1\" \/>\n<link rel=\"canonical\" href=\"https:\/\/aletheiaforchildren.com\/ro\/proiectele-noastre\/\" \/>\n<meta property=\"og:locale\" content=\"ro_RO\" \/>\n<meta property=\"og:type\" content=\"article\" \/>\n<meta property=\"og:title\" content=\"Proiectele noastre - Associazione Aletheia for Children\" \/>\n<meta property=\"og:description\" content=\"Proiectele noastre Proiectul &#8220;Bon\u0103 \u00een spital\u201d ofer\u0103 p\u0103rin\u021bilor cu copii spitaliza\u021bi pe termen lung posibilitatea de a fi \u00eenlocui\u021bi pentru un anumit num\u0103r de ore pe zi, pentru a permite acestora s\u0103 se \u00eentoarc\u0103 \u00een familie pentru a avea grij\u0103 de ceilal\u021bi copii. Proiectul \u201cFir de M\u0103tase&#8221; este un proiect personalizat care implic\u0103 spitale din &hellip;\" \/>\n<meta property=\"og:url\" content=\"https:\/\/aletheiaforchildren.com\/ro\/proiectele-noastre\/\" \/>\n<meta property=\"og:site_name\" content=\"Associazione Aletheia for Children\" \/>\n<meta property=\"article:modified_time\" content=\"2020-01-08T14:36:13+00:00\" \/>\n<meta property=\"og:image\" content=\"https:\/\/aletheiaforchildren.com\/wp-content\/uploads\/2019\/12\/progetti-768x596.jpg\" \/>\n<meta name=\"twitter:card\" content=\"summary_large_image\" \/>\n<meta name=\"twitter:label1\" content=\"Timp estimat pentru citire\" \/>\n\t<meta name=\"twitter:data1\" content=\"1 minut\" \/>\n<script type=\"application\/ld+json\" class=\"yoast-schema-graph\">{\"@context\":\"https:\/\/schema.org\",\"@graph\":[{\"@type\":\"WebSite\",\"@id\":\"https:\/\/aletheiaforchildren.com\/#website\",\"url\":\"https:\/\/aletheiaforchildren.com\/\",\"name\":\"Associazione Aletheia for Children\",\"description\":\"\",\"potentialAction\":[{\"@type\":\"SearchAction\",\"target\":{\"@type\":\"EntryPoint\",\"urlTemplate\":\"https:\/\/aletheiaforchildren.com\/?s={search_term_string}\"},\"query-input\":\"required name=search_term_string\"}],\"inLanguage\":\"ro-RO\"},{\"@type\":\"ImageObject\",\"@id\":\"https:\/\/aletheiaforchildren.com\/ro\/proiectele-noastre\/#primaryimage\",\"inLanguage\":\"ro-RO\",\"url\":\"https:\/\/aletheiaforchildren.com\/wp-content\/uploads\/2019\/12\/progetti.jpg\",\"contentUrl\":\"https:\/\/aletheiaforchildren.com\/wp-content\/uploads\/2019\/12\/progetti.jpg\",\"width\":800,\"height\":621,\"caption\":\"Progetti\"},{\"@type\":\"WebPage\",\"@id\":\"https:\/\/aletheiaforchildren.com\/ro\/proiectele-noastre\/#webpage\",\"url\":\"https:\/\/aletheiaforchildren.com\/ro\/proiectele-noastre\/\",\"name\":\"Proiectele noastre - Associazione Aletheia for Children\",\"isPartOf\":{\"@id\":\"https:\/\/aletheiaforchildren.com\/#website\"},\"primaryImageOfPage\":{\"@id\":\"https:\/\/aletheiaforchildren.com\/ro\/proiectele-noastre\/#primaryimage\"},\"datePublished\":\"2019-12-18T16:25:38+00:00\",\"dateModified\":\"2020-01-08T14:36:13+00:00\",\"breadcrumb\":{\"@id\":\"https:\/\/aletheiaforchildren.com\/ro\/proiectele-noastre\/#breadcrumb\"},\"inLanguage\":\"ro-RO\",\"potentialAction\":[{\"@type\":\"ReadAction\",\"target\":[\"https:\/\/aletheiaforchildren.com\/ro\/proiectele-noastre\/\"]}]},{\"@type\":\"BreadcrumbList\",\"@id\":\"https:\/\/aletheiaforchildren.com\/ro\/proiectele-noastre\/#breadcrumb\",\"itemListElement\":[{\"@type\":\"ListItem\",\"position\":1,\"name\":\"Home\",\"item\":\"https:\/\/aletheiaforchildren.com\/ro\/\"},{\"@type\":\"ListItem\",\"position\":2,\"name\":\"Proiectele noastre\"}]}]}<\/script>\n<!-- \/ Yoast SEO plugin. -->","yoast_head_json":{"title":"Proiectele noastre - Associazione Aletheia for Children","robots":{"index":"index","follow":"follow","max-snippet":"max-snippet:-1","max-image-preview":"max-image-preview:large","max-video-preview":"max-video-preview:-1"},"canonical":"https:\/\/aletheiaforchildren.com\/ro\/proiectele-noastre\/","og_locale":"ro_RO","og_type":"article","og_title":"Proiectele noastre - Associazione Aletheia for Children","og_description":"Proiectele noastre Proiectul &#8220;Bon\u0103 \u00een spital\u201d ofer\u0103 p\u0103rin\u021bilor cu copii spitaliza\u021bi pe termen lung posibilitatea de a fi \u00eenlocui\u021bi pentru un anumit num\u0103r de ore pe zi, pentru a permite acestora s\u0103 se \u00eentoarc\u0103 \u00een familie pentru a avea grij\u0103 de ceilal\u021bi copii. Proiectul \u201cFir de M\u0103tase&#8221; este un proiect personalizat care implic\u0103 spitale din &hellip;","og_url":"https:\/\/aletheiaforchildren.com\/ro\/proiectele-noastre\/","og_site_name":"Associazione Aletheia for Children","article_modified_time":"2020-01-08T14:36:13+00:00","og_image":[{"url":"https:\/\/aletheiaforchildren.com\/wp-content\/uploads\/2019\/12\/progetti-768x596.jpg"}],"twitter_card":"summary_large_image","twitter_misc":{"Timp estimat pentru citire":"1 minut"},"schema":{"@context":"https:\/\/schema.org","@graph":[{"@type":"WebSite","@id":"https:\/\/aletheiaforchildren.com\/#website","url":"https:\/\/aletheiaforchildren.com\/","name":"Associazione Aletheia for Children","description":"","potentialAction":[{"@type":"SearchAction","target":{"@type":"EntryPoint","urlTemplate":"https:\/\/aletheiaforchildren.com\/?s={search_term_string}"},"query-input":"required name=search_term_string"}],"inLanguage":"ro-RO"},{"@type":"ImageObject","@id":"https:\/\/aletheiaforchildren.com\/ro\/proiectele-noastre\/#primaryimage","inLanguage":"ro-RO","url":"https:\/\/aletheiaforchildren.com\/wp-content\/uploads\/2019\/12\/progetti.jpg","contentUrl":"https:\/\/aletheiaforchildren.com\/wp-content\/uploads\/2019\/12\/progetti.jpg","width":800,"height":621,"caption":"Progetti"},{"@type":"WebPage","@id":"https:\/\/aletheiaforchildren.com\/ro\/proiectele-noastre\/#webpage","url":"https:\/\/aletheiaforchildren.com\/ro\/proiectele-noastre\/","name":"Proiectele noastre - Associazione Aletheia for Children","isPartOf":{"@id":"https:\/\/aletheiaforchildren.com\/#website"},"primaryImageOfPage":{"@id":"https:\/\/aletheiaforchildren.com\/ro\/proiectele-noastre\/#primaryimage"},"datePublished":"2019-12-18T16:25:38+00:00","dateModified":"2020-01-08T14:36:13+00:00","breadcrumb":{"@id":"https:\/\/aletheiaforchildren.com\/ro\/proiectele-noastre\/#breadcrumb"},"inLanguage":"ro-RO","potentialAction":[{"@type":"ReadAction","target":["https:\/\/aletheiaforchildren.com\/ro\/proiectele-noastre\/"]}]},{"@type":"BreadcrumbList","@id":"https:\/\/aletheiaforchildren.com\/ro\/proiectele-noastre\/#breadcrumb","itemListElement":[{"@type":"ListItem","position":1,"name":"Home","item":"https:\/\/aletheiaforchildren.com\/ro\/"},{"@type":"ListItem","position":2,"name":"Proiectele noastre"}]}]}},"_links":{"self":[{"href":"https:\/\/aletheiaforchildren.com\/ro\/wp-json\/wp\/v2\/pages\/5554","targetHints":{"allow":["GET"]}}],"collection":[{"href":"https:\/\/aletheiaforchildren.com\/ro\/wp-json\/wp\/v2\/pages"}],"about":[{"href":"https:\/\/aletheiaforchildren.com\/ro\/wp-json\/wp\/v2\/types\/page"}],"author":[{"embeddable":true,"href":"https:\/\/aletheiaforchildren.com\/ro\/wp-json\/wp\/v2\/users\/1"}],"replies":[{"embeddable":true,"href":"https:\/\/aletheiaforchildren.com\/ro\/wp-json\/wp\/v2\/comments?post=5554"}],"version-history":[{"count":0,"href":"https:\/\/aletheiaforchildren.com\/ro\/wp-json\/wp\/v2\/pages\/5554\/revisions"}],"wp:attachment":[{"href":"https:\/\/aletheiaforchildren.com\/ro\/wp-json\/wp\/v2\/media?parent=5554"}],"curies":[{"name":"wp","href":"https:\/\/api.w.org\/{rel}","templated":true}]}}